{"id":7,"date":"2023-05-07T18:06:08","date_gmt":"2023-05-07T18:06:08","guid":{"rendered":"https:\/\/najboljihashtagovi.com\/?page_id=7"},"modified":"2023-05-10T19:44:24","modified_gmt":"2023-05-10T19:44:24","slug":"najbolji-hashtagovi","status":"publish","type":"page","link":"https:\/\/najboljihashtagovi.com\/","title":{"rendered":"Najbolji hashtagovi"},"content":{"rendered":"\n<div class=\"wp-block-uagb-container uagb-block-0f70aac9 alignfull uagb-is-root-container\"><div class=\"uagb-container-inner-blocks-wrap\">\n<h2 class=\"wp-block-heading has-text-color\" style=\"color:#5bbab5;margin-top:var(--wp--preset--spacing--60);margin-right:0;margin-bottom:0;margin-left:0\"><strong><strong>Najbolji hashtagovi na Instagramu u 2023. godini: Kako ih koristiti za rast va\u0161eg sljedbeni\u010dkog broja<\/strong><\/strong><\/h2>\n\n\n\n<p style=\"margin-top:0;margin-right:0;margin-bottom:var(--wp--preset--spacing--60);margin-left:0\">Hashtagovi na Instagramu mogu biti preplavljuju\u0107i. To posebno \u010dujemo od ljudi koji \u017eele koristiti Instagram kao marketin\u0161ki alat ili monetizirati svoju kreativnost. Sre\u0107om, uz malo znanja i pravih alata, svima je dostupno postizanje velikih ciljeva na platformi i imati koristi od objavljivanja tamo. Dakle, danas \u0107emo detaljno razmotriti ulogu relevantnih hashtagova na Instagramu &#8211; jer kada je u pitanju rast va\u0161eg profila, MORATE razumjeti koliko su va\u017eni za va\u0161 uspjeh.<br><br>Kao \u0161to ve\u0107 vjerojatno znate, Instagram je postao jedna od najpopularnijih dru\u0161tvenih medijskih platformi u posljednjih nekoliko godina, s vi\u0161e od dvije milijarde mjese\u010dnih aktivnih korisnika. Izvorno dizajniran za dijeljenje kvadratnih fotografija, aplikacija je brzo postala sredi\u0161te za kreatore sadr\u017eaja, influencere i vlasnike brendova kako bi prikazali svoju kreativnost, stvorili izlaz za svoje misli, dosegnuli \u0161iru publiku i okupili sli\u010dno misle\u0107e ljude. Dok je Instagram prvotno bio platforma za dijeljenje uspomena s prijateljima i zabavu, ti dani su davno pro\u0161li: sada je mo\u0107an marketin\u0161ki alat za povezivanje s ljudima diljem svijeta i postao je vode\u0107i izvor prihoda za mnoge kreatore.<br><br>Zainteresirani ste za u\u010denje kako postati jedan od njih i kako rasti svoj Instagram profil na strate\u0161ki na\u010din? Pa, imate sre\u0107e, jer se u ovom vodi\u010du fokusiramo na sve \u0161to trebate znati o hashtagovima na Instagramu kako biste pove\u0107ali svoje sljedbenike, razvili svoje vjerne pratitelje i u\u010dinili proces bez stresa. Zaronimo u to!<\/p>\n<\/div><\/div>\n\n\n\n<div class=\"wp-block-uagb-container uagb-block-03d76289 alignfull uagb-is-root-container\"><div class=\"uagb-container-inner-blocks-wrap\">\n<div class=\"wp-block-uagb-call-to-action uagb-block-1bbc9057 wp-block-button\"><div class=\"uagb-cta__wrap\"><h3 class=\"uagb-cta__title\">Provjerite koji su hashtagovi zabranjeni<\/h3><\/div><div class=\"uagb-cta__buttons\"><a href=\"https:\/\/iqhashtags.com\/\" class=\"uagb-cta__button-link-wrapper wp-block-button__link\" target=\"_self\" rel=\"noopener noreferrer\">Idite na aplikaciju<\/a><\/div><\/div>\n<\/div><\/div>\n\n\n\n<div class=\"wp-block-uagb-container uagb-block-bfe731bd alignfull uagb-is-root-container\"><div class=\"uagb-container-inner-blocks-wrap\">\n<h2 class=\"wp-block-heading has-text-color\" style=\"color:#5bbab5;margin-top:var(--wp--preset--spacing--60);margin-right:0;margin-bottom:0;margin-left:0\"><strong><strong><strong>\u0160to su hashtagovi na Instagramu?<\/strong><\/strong><\/strong><\/h2>\n\n\n\n<p class=\"has-text-color\" style=\"color:#eaeaea;margin-top:0;margin-right:0;margin-bottom:var(--wp--preset--spacing--60);margin-left:0\">Dakle, pri\u010dekajte, \u0161to su to\u010dno hashtagovi na Instagramu?<br><br>Hashtag je kombinacija slova (ponekad s brojevima ili emoji znakovima) koju prethodi simbol # (npr. #HashtagsAreImportant). To su specifi\u010dne rije\u010di i fraze koje korisnici Instagrama koriste kako bi prona\u0161li sadr\u017eaj koji tra\u017ee. Omogu\u0107uju im da prona\u0111u relevantan sadr\u017eaj prilikom kori\u0161tenja tra\u017eilice na Instagramu. Na taj na\u010din, hashtagovi va\u0161 sadr\u017eaj \u010dine pretra\u017eivim i mnogo vi\u0161e otkrivenim!<br><br>Svaki hashtag je klikabilan, \u0161to zna\u010di da \u0107e korisnici koji kliknu na bilo koji hashtag ili pretra\u017ee hashtag vidjeti posve\u0107enu stranicu istra\u017eivanja koja prikazuje druge objave i Reels oznake tim hashtagom.<br><br>Na primjer, kada koristite hashtag #weddingdressinspiration u jednoj od svojih objava, kada netko klikne na taj hashtag, otkrit \u0107e cijelu stranicu istra\u017eivanja s objavama sli\u010dnim va\u0161ima. To radi u obje smjerove, naravno, i zato kori\u0161tenje hashtagova pove\u0107ava vidljivost i smatra se naju\u010dinkovitijim na\u010dinom za dosezanje novih publika.<br><br>Hashtagovi su tako\u0111er u\u010dinkovit na\u010din organiziranja sadr\u017eaja koji objavljujemo. Poma\u017eu algoritmima Instagrama da razumiju va\u0161e redovite objave, karusele ili Reels i usklade ih s va\u0161im potencijalnim sljedbenicima &#8211; ljudima zainteresiranima za va\u0161 sadr\u017eaj.<\/p>\n<\/div><\/div>\n\n\n\n<div class=\"wp-block-uagb-container uagb-block-f3afa9b7 alignfull uagb-is-root-container\"><div class=\"uagb-container-inner-blocks-wrap\">\n<h2 class=\"wp-block-heading has-text-color\" style=\"color:#5bbab5;margin-top:var(--wp--preset--spacing--60);margin-right:0;margin-bottom:0;margin-left:0\"><strong><strong><strong>Za\u0161to bismo trebali koristiti hashtagove?<\/strong><\/strong><\/strong><\/h2>\n\n\n\n<p style=\"margin-top:0;margin-right:0;margin-bottom:0;margin-left:0\">Instagram je najvi\u0161e platforma dru\u0161tvenih medija koja se vozi na hashtagovima. Tajna za privla\u010denje va\u0161e ciljane publike i rast va\u0161e zajednice le\u017ei u kori\u0161tenju pravih, najrelevantnijih hashtagova. Tako\u0111er je va\u017eno zapamtiti da Instagramovi algoritmi igraju zna\u010dajnu ulogu u na\u0161em uspjehu na platformi, i kori\u0161tenjem najboljih hashtagova, poma\u017eemo im u kategoriziranju na\u0161ih objava kako bi platforma mogla distribuirati na\u0161e postove na lak\u0161i na\u010din.<br><br>Za\u0161to biste trebali uklju\u010diti hashtagove u svaku objavu na Instagramu?<\/p>\n\n\n\n<ul class=\"wp-block-list\" style=\"margin-top:0;margin-right:0;margin-bottom:0;margin-left:0\">\n<li>Hashtagovi se pona\u0161aju poput knji\u017enice svih objava na Instagramu. \u010cine va\u0161e objave i Reels otkrivenim, \u0161to zna\u010di da va\u0161a ciljana publika mo\u017ee lako prona\u0107i ono \u0161to tra\u017ee.<\/li>\n\n\n\n<li>Hashtagovi na Instagramu poma\u017eu vam u izgradnji anga\u017eirane zajednice jer \u0107ete vjerojatnije privu\u0107i sli\u010dno misle\u0107e ljude koji su zaista zainteresirani za va\u0161u ni\u0161u, a oni su vjerojatniji da postanu lojalni \u010dlanovi va\u0161e zajednice.<\/li>\n\n\n\n<li>Mnogi ljudi odlu\u010duju slijediti svoje omiljene hashtagove, \u0161to vam pru\u017ea fantasti\u010dnu priliku da se pojavite u njihovom feedu s va\u0161im sadr\u017eajem koji je ozna\u010den tim hashtagom, \u010dak i ako vas jo\u0161 ne prate.<\/li>\n\n\n\n<li>Kada objavite hashtag u svojoj natuknici, va\u0161 \u0107e sadr\u017eaj biti prikazan na stranici istra\u017eivanja za taj hashtag. Mo\u017eete dobiti dodatnu vidljivost ako va\u0161a objava dosegne prvih 9 za odre\u0111eni hashtag. Kao \u0161to ve\u0107 znate, svaki hashtag ima svoju vlastitu stranicu istra\u017eivanja. Stranice hashtagova prikazuju najboljih 9 objava koje su ozna\u010dene tim hashtagom (tako\u0111er prikazuju najnovije objave i Instagram Reels).<\/li>\n\n\n\n<li>Hashtagovi su pametan na\u010din da Instagramovi algoritmi shvate o \u010demu se radi u va\u0161em sadr\u017eaju. Tako\u0111er poja\u0161njavaju za koga je objava relevantna i tko bi trebao vidjeti.<\/li>\n<\/ul>\n\n\n\n<p><\/p>\n<\/div><\/div>\n\n\n\n<div class=\"wp-block-uagb-container uagb-block-d0097881 alignfull uagb-is-root-container\"><div class=\"uagb-container-inner-blocks-wrap\">\n<h2 class=\"wp-block-heading has-text-color\" style=\"color:#5bbab5;margin-top:var(--wp--preset--spacing--60);margin-right:0;margin-bottom:0;margin-left:0\"><strong><strong><strong><strong>Kako odabrati najbolje hashtagove za svoje objave na Instagramu?<\/strong><\/strong><\/strong><\/strong><\/h2>\n\n\n\n<p class=\"has-text-color\" style=\"color:#eaeaea;margin-top:0;margin-right:0;margin-bottom:0;margin-left:0\">Kori\u0161tenje hashtagova na Instagramu mo\u017ee biti jedan od naju\u010dinkovitijih na\u010dina da va\u0161 profil dosegne novu publiku na organski na\u010din. Me\u0111utim, kako bi se hashtagovi pametno koristili i kako bi radili za vas (i va\u0161u vidljivost na platformi!), morate razumjeti kako funkcioniraju i ulo\u017eiti ne\u0161to truda u va\u0161u hashtag strategiju.<br><br>Krenimo s najprakti\u010dnijim taktikama koje mo\u017eete odmah primijeniti u va\u0161u hashtag strategiju.<\/p>\n\n\n\n<ol class=\"has-ast-global-color-6-color has-text-color wp-block-list\" style=\"margin-top:0;margin-right:0;margin-bottom:0;margin-left:0\">\n<li>Istra\u017eujte trendove hashtagova prije objavljivanja. Takvo istra\u017eivanje pomo\u0107i \u0107e vam razumjeti \u0161to ljudi trenutno tra\u017ee i kojeg sadr\u017eaja najvi\u0161e konzumiraju. Na primjer, volumen pretra\u017eivanja za najboljim hashtagovima povezanim s Bo\u017ei\u0107em jako raste oko Bo\u017ei\u0107a, ali ovaj trend opada do posljednjeg tjedna u prosincu. Dozvolite mi da vam ka\u017eem &#8211; dok obavljate istra\u017eivanje trending hashtagova, mo\u017eete otkriti mnoge uzbudljive trendove koji \u0107e vam pomo\u0107i da bolje razumijete Instagramovu zajednicu. Pametan na\u010din za obavljanje istra\u017eivanja trending hashtagova je upotreba alata poput IQ Hashtags koji vam omogu\u0107uje da upi\u0161ete jednu klju\u010dnu rije\u010d vezanu uz va\u0161u ni\u0161u i pokazat \u0107e vam najbolje povezane hashtagove vezane uz va\u0161e potrebe. Ovo je sjajan na\u010din za otkrivanje trending hashtagova za va\u0161e objave i otkrivanje trendova koji \u0107e ubrzati va\u0161 organski rast.<br><br><\/li>\n\n\n\n<li>Koristite hashtagove temeljene na lokaciji. To je fenomenalan na\u010din da vas otkriju novi potencijalni sljedbenici, jer su ciljani i vrlo pretra\u017eivi. Dodatna korist? Na taj na\u010din mo\u017eete pove\u0107ati svoju lokalnu vidljivost i povezati se s lokalnom zajednicom.<br><br><\/li>\n\n\n\n<li>Analizirajte koji volumen pretra\u017eivanja hashtagova najbolje odgovara veli\u010dini va\u0161eg profila. \u0160to je hashtag op\u0107enitiji, to postaje konkurentnije da se dosegne prvih deset objava i ostane u odjeljku najnovijih objava. Idealno je koristiti hashtagove koji se odnose na va\u0161u objavu i vrstu ljudi koje \u017eelite privu\u0107i &#8211; i naravno one s kojima imate \u0161ansu dosegnuti odjeljak najboljih objava. Kako razlikovati koji volumen pretra\u017eivanja je optimalan za vas u ovom trenutku? Po\u010dnite analizirati performanse svojih hashtagova uz IQ Hashtags alat koji vam omogu\u0107uje pra\u0107enje koji hashtagovi vam daju ve\u0107u izlo\u017eenost i koji volumen hashtagova vam najbolje odgovara.<br><br><\/li>\n\n\n\n<li>Otkrijte koje hashtagove koristi va\u0161a ciljana publika. \u0160to bolje hashtagove koristite, ve\u0107e su \u0161anse da budete otkriveni va\u0161oj ciljanoj publici. Mnogi zlatni hashtagovi funkcioniraju za razli\u010dite ni\u0161e, ali prvo morate otkriti koji hashtagovi funkcioniraju za VA\u0160U ni\u0161u i koji \u0107e vam pomo\u0107i da privu\u010dete ljude sli\u010dnih interesa i va\u0161u ciljanu publiku. Razmi\u0161ljajte kao va\u0161 potencijalni sljedbenik &#8211; koje bi klju\u010dne rije\u010di (hashtagovi) upisali kako bi prona\u0161li zanimljiv sadr\u017eaj za sebe? Dr\u017eite ovaj pristup na umu dok istra\u017eujete nove hashtagove &#8211; to \u0107e vam pomo\u0107i empatizirati i razmi\u0161ljati kao va\u0161a ciljana publika kako biste prepoznali najbolje prilike ili potencijalne prepreke na putu. Zapamtite, razmi\u0161ljajte kao va\u0161 potencijalni sljedbenik i uklju\u010dite rije\u010di i stvari koje bi ih zanimale.<br><\/li>\n<\/ol>\n\n\n\n<p><\/p>\n<\/div><\/div>\n\n\n\n<div class=\"wp-block-uagb-container uagb-block-d899db08 alignfull uagb-is-root-container\"><div class=\"uagb-container-inner-blocks-wrap\">\n<h2 class=\"wp-block-heading has-text-color\" style=\"color:#5bbab5;margin-top:var(--wp--preset--spacing--60);margin-right:0;margin-bottom:0;margin-left:0\"><strong><strong><strong><strong>Najpopularniji i trendi Instagram hashtagovi<\/strong><\/strong><\/strong><\/strong><\/h2>\n\n\n\n<p style=\"margin-top:0;margin-right:0;margin-bottom:0;margin-left:0\">Strate\u0161ko istra\u017eivanje hashtagova i dr\u017eanje najboljih hashtagova koji su najrelevantniji za va\u0161u ni\u0161u klju\u010dni su za rast. Ipak, s vremena na vrijeme, ne\u0107e \u0161koditi koristiti najpopularnije i najtrendi hashtagove koji su op\u0107eniti i pretrpani, ali ponekad vam mogu dati dodatne pregleda ili lajkova. Jeste li znati\u017eeljni koje hashtagove sadr\u017ei ta lista u ovom trenutku?<br><br>#love #instagood #photography #photooftheday #instagram #art #nature #fashion #picoftheday #beautiful #travel #fitness #happy #likeforlikes #follow #style #photo #beauty #instadaily #followforfollowback #makeup #lifestyle #cute #summer #smile #girl #motivation #followme #model #life #instalike #like #design #food #me #tbt #music #sunset #dogsofinstagram #travelphotography #gym #naturephotography #family #artists #friends #handmade #dog #photographer #selfie #workout #fun #bhfyp #explore #interiordesign<br><br>Sjetite se da ih ne koristite previ\u0161e, jer su vrlo op\u0107eniti, i ne\u0107e privu\u0107i va\u0161u ciljanu publiku i najvrjednije, anga\u017eirane sljedbenike. Ipak, ako ponekad dodate jedan od njih, nemate se \u010dega brinuti. Samo imajte na umu da dobro ciljani hashtagovi koje prona\u0111ete tijekom izvo\u0111enja specifi\u010dnog istra\u017eivanja hashtagova vrijede svoje te\u017eine u zlatu &#8211; a najpopularniji i pretrpani hashtagovi, naprotiv, nisu.<\/p>\n\n\n\n<p><\/p>\n<\/div><\/div>\n\n\n\n<div class=\"wp-block-uagb-container uagb-block-21921359 alignfull uagb-is-root-container\"><div class=\"uagb-container-inner-blocks-wrap\">\n<h2 class=\"wp-block-heading has-text-color\" style=\"color:#5bbab5;margin-top:var(--wp--preset--spacing--60);margin-right:0;margin-bottom:0;margin-left:0\"><strong><strong><strong><strong>Naj\u010de\u0161\u0107e postavljana pitanja o Instagram hashtagovima<\/strong><\/strong><\/strong><\/strong><\/h2>\n\n\n\n<p class=\"has-text-color\" style=\"color:#eaeaea;margin-top:0;margin-right:0;margin-bottom:0;margin-left:0\">Napravili smo FAQ koji sa\u017eima sva pitanja o Instagram hashtagovima koja naj\u010de\u0161\u0107e dobivamo &#8211; jer, kako ka\u017ee stara izreka, &#8220;Pitanja su prvi korak za po\u010detak promjene&#8221;. Volimo pitanja ako nas pitate!<\/p>\n\n\n\n<p class=\"has-text-color\" style=\"color:#eaeaea\"><strong><em>Koliko hashtagova trebam koristiti u svojim objavama?<\/em><\/strong><br><br>Mo\u017eete uklju\u010diti do 30 hashtagova u svaku objavu (i do 10 hashtagova u Instagram Storyju). Ako upi\u0161ete vi\u0161e hashtagova, va\u0161a objava se ne\u0107e objaviti, a umjesto pa\u017eljivo izra\u0111enog opisa vidjet \u0107ete prazno polje, stoga odabir 25-30 hashtagova je najsigurnija opcija.<br><br>Pretpostavljaju\u0107i da je u svijetu dru\u0161tvenih medija vi\u0161e \u010desto bolje, trebate li koristiti maksimalan broj hashtagova? Ne\u0107emo vas iznenaditi: da, ali samo ako mo\u017eete prona\u0107i 30 relevantnih hashtagova koji su povezani s va\u0161om ni\u0161om. Na taj na\u010din, svaki hashtag vam daje priliku da se pove\u017eete s novim potencijalnim sljedbenicima, a svaki pojedina\u010dni hashtag mo\u017ee napraviti ogromnu razliku.<em><br><\/em><br><em><strong><strong><em>Koliko \u010desto bih trebao mijenjati hashtagove u objavama?<\/em><\/strong><\/strong><br><\/em><br>Pametan na\u010din za utvrditi koje hashtagove vam rade je pratiti performanse hashtagova (pomo\u0107u alata koji smo spomenuli ranije) i pratiti hashtagove s kojima dose\u017eete &#8220;najbolje objave&#8221;. Zatim nastavite objavljivati \u200b\u200bs njima i zamijenite ostale dok se va\u0161e stope anga\u017emana ponovno ne pobolj\u0161aju.<br><br><strong><em><strong><em>Isplati li se dodavati hashtagove u stare objave?<\/em><\/strong><\/em><\/strong><br><br>Kada dodate hashtag dugo vremena nakon objave fotografije ili Reela, objava \u0107e biti dodana u hashtag feed, ali retrospektivno. To zna\u010di da \u0107e se va\u0161 sadr\u017eaj pojaviti u feedu hashtagova, ali korisnici \u0107e se morati vratiti u pro\u0161lost i tra\u017eiti ga u toj sekciji.<\/p>\n<\/div><\/div>\n\n\n\n<div class=\"wp-block-uagb-container uagb-block-f87a39b4 alignfull uagb-is-root-container\"><div class=\"uagb-container-inner-blocks-wrap\">\n<div class=\"wp-block-uagb-call-to-action uagb-block-1d76a008 wp-block-button\"><div class=\"uagb-cta__wrap\"><h3 class=\"uagb-cta__title\">Provjerite koji su hashtagovi zabranjeni<\/h3><\/div><div class=\"uagb-cta__buttons\"><a href=\"https:\/\/iqhashtags.com\/\" class=\"uagb-cta__button-link-wrapper wp-block-button__link\" target=\"_self\" rel=\"noopener noreferrer\">Idite na aplikaciju<\/a><\/div><\/div>\n<\/div><\/div>\n","protected":false},"excerpt":{"rendered":"","protected":false},"author":1,"featured_media":0,"parent":0,"menu_order":0,"comment_status":"closed","ping_status":"closed","template":"","meta":{"_uag_custom_page_level_css":"","site-sidebar-layout":"default","site-content-layout":"default","ast-global-header-display":"","ast-main-header-display":"","ast-hfb-above-header-display":"","ast-hfb-below-header-display":"","ast-hfb-mobile-header-display":"","site-post-title":"disabled","ast-breadcrumbs-content":"","ast-featured-img":"","footer-sml-layout":"","theme-transparent-header-meta":"","adv-header-id-meta":"","stick-header-meta":"","header-above-stick-meta":"","header-main-stick-meta":"","header-below-stick-meta":"","footnotes":""},"class_list":["post-7","page","type-page","status-publish","hentry"],"uagb_featured_image_src":{"full":false,"thumbnail":false,"medium":false,"medium_large":false,"large":false,"1536x1536":false,"2048x2048":false},"uagb_author_info":{"display_name":"admin","author_link":"https:\/\/najboljihashtagovi.com\/author\/admin"},"uagb_comment_info":0,"uagb_excerpt":null,"_links":{"self":[{"href":"https:\/\/najboljihashtagovi.com\/index.php?rest_route=\/wp\/v2\/pages\/7","targetHints":{"allow":["GET"]}}],"collection":[{"href":"https:\/\/najboljihashtagovi.com\/index.php?rest_route=\/wp\/v2\/pages"}],"about":[{"href":"https:\/\/najboljihashtagovi.com\/index.php?rest_route=\/wp\/v2\/types\/page"}],"author":[{"embeddable":true,"href":"https:\/\/najboljihashtagovi.com\/index.php?rest_route=\/wp\/v2\/users\/1"}],"replies":[{"embeddable":true,"href":"https:\/\/najboljihashtagovi.com\/index.php?rest_route=%2Fwp%2Fv2%2Fcomments&post=7"}],"version-history":[{"count":4,"href":"https:\/\/najboljihashtagovi.com\/index.php?rest_route=\/wp\/v2\/pages\/7\/revisions"}],"predecessor-version":[{"id":28,"href":"https:\/\/najboljihashtagovi.com\/index.php?rest_route=\/wp\/v2\/pages\/7\/revisions\/28"}],"wp:attachment":[{"href":"https:\/\/najboljihashtagovi.com\/index.php?rest_route=%2Fwp%2Fv2%2Fmedia&parent=7"}],"curies":[{"name":"wp","href":"https:\/\/api.w.org\/{rel}","templated":true}]}}